{"id":485,"date":"2024-03-10T10:16:07","date_gmt":"2024-03-10T09:16:07","guid":{"rendered":"https:\/\/educandodeformasimple.com\/?page_id=485"},"modified":"2024-03-10T10:46:21","modified_gmt":"2024-03-10T09:46:21","slug":"lencis-de-vilassar-de-mar","status":"publish","type":"page","link":"https:\/\/educandodeformasimple.com\/?page_id=485","title":{"rendered":"L\u00b4Enc\u00eds de Vilassar de Mar"},"content":{"rendered":"\n<p>Querida comunidad de la escuela L&#8217;Enc\u00eds de Vilassar de Mar,<\/p>\n\n\n\n<p>Quiero expresar mi m\u00e1s sincero agradecimiento por haber sido parte de una tarde realmente especial el pasado viernes 1 de marzo. Fue un honor y un privilegio compartir con vosotros la conferencia sobre <em>\u00abL\u00edmites sin Limitaciones\u00bb<\/em>.<\/p>\n\n\n\n<p>Durante esta maravillosa tarde de aprendizaje, tuvimos la oportunidad de sumergirnos juntos en la metodolog\u00eda de <em>\u00abL\u00edmites Sin Limitaciones\u00bb<\/em>, descubriendo su f\u00f3rmula m\u00e1gica \u00ablos 4 pasos-TE\u00bb de conexi\u00f3n y resoluci\u00f3n de conflictos altamente respetuosa y efectiva. Fue emocionante ver c\u00f3mo cada uno de los participantes se comprometi\u00f3 activamente en el proceso, compartiendo sus experiencias, inquietudes y aspiraciones para el bienestar de sus hijos.<\/p>\n\n\n\n<p>La calidez y el entusiasmo que mostraron durante toda la velada fueron verdaderamente inspiradores. Vuestras preguntas y dudas fueron fundamentales para enriquecer la conversaci\u00f3n y proporcionar claridad sobre c\u00f3mo aplicar estos principios en la vida diaria con vuestros hijos.<\/p>\n\n\n\n<p>Fue una tarde entra\u00f1able, llena de aprendizaje mutuo y  bonitas conexiones. Me siento agradecida por vuestra participaci\u00f3n activa e inter\u00e9s en cultivar relaciones familiares basadas en el respeto y la empat\u00eda.<\/p>\n\n\n\n<p>Esta conferencia ha sido el comienzo de un viaje transformador hacia una crianza m\u00e1s constructiva, respetuosa y amorosa. <\/p>\n\n\n\n<p>\u00a1Gracias de nuevo por abrirme las puertas de vuestra comunidad y por permitirme compartir este bonito momento con vosotros!<\/p>\n\n\n\n<p>Con todo mi aprecio,<\/p>\n\n\n\n<p><em><a href=\"https:\/\/www.instagram.com\/educando_de_forma_simple?igsh=MXdrN2Z2eXR3YWw1eg==\">Joanna Coronado, CEO de Educando de Forma Simple<\/a><\/em><\/p>\n\n\n\n<h4 class=\"wp-block-heading has-black-color has-light-green-cyan-background-color has-text-color has-background has-link-color wp-elements-8bf16198500f91c3832d7c0f03157f40\">Algunas im\u00e1genes del encuentro<\/h4>\n\n\n\n<figure class=\"wp-block-gallery has-nested-images columns-default is-cropped wp-block-gallery-1 is-layout-flex wp-block-gallery-is-layout-flex\">\n<figure class=\"wp-block-image size-large\"><img loading=\"lazy\" decoding=\"async\" width=\"1024\" height=\"771\" data-id=\"502\" src=\"https:\/\/educandodeformasimple.com\/wp-content\/uploads\/2024\/03\/WhatsApp-Image-2024-03-10-at-08.53.16-1-1024x771.jpeg\" alt=\"\" class=\"wp-image-502\" srcset=\"https:\/\/educandodeformasimple.com\/wp-content\/uploads\/2024\/03\/WhatsApp-Image-2024-03-10-at-08.53.16-1-1024x771.jpeg 1024w, https:\/\/educandodeformasimple.com\/wp-content\/uploads\/2024\/03\/WhatsApp-Image-2024-03-10-at-08.53.16-1-300x226.jpeg 300w, https:\/\/educandodeformasimple.com\/wp-content\/uploads\/2024\/03\/WhatsApp-Image-2024-03-10-at-08.53.16-1-768x578.jpeg 768w, https:\/\/educandodeformasimple.com\/wp-content\/uploads\/2024\/03\/WhatsApp-Image-2024-03-10-at-08.53.16-1-1536x1157.jpeg 1536w, https:\/\/educandodeformasimple.com\/wp-content\/uploads\/2024\/03\/WhatsApp-Image-2024-03-10-at-08.53.16-1-80x60.jpeg 80w, https:\/\/educandodeformasimple.com\/wp-content\/uploads\/2024\/03\/WhatsApp-Image-2024-03-10-at-08.53.16-1-110x83.jpeg 110w, https:\/\/educandodeformasimple.com\/wp-content\/uploads\/2024\/03\/WhatsApp-Image-2024-03-10-at-08.53.16-1.jpeg 2040w\" sizes=\"auto, (max-width: 1024px) 100vw, 1024px\" \/><\/figure>\n\n\n\n<figure class=\"wp-block-image size-large\"><img loading=\"lazy\" decoding=\"async\" width=\"1024\" height=\"771\" data-id=\"503\" src=\"https:\/\/educandodeformasimple.com\/wp-content\/uploads\/2024\/03\/WhatsApp-Image-2024-03-10-at-08.53.16-1024x771.jpeg\" alt=\"\" class=\"wp-image-503\" srcset=\"https:\/\/educandodeformasimple.com\/wp-content\/uploads\/2024\/03\/WhatsApp-Image-2024-03-10-at-08.53.16-1024x771.jpeg 1024w, https:\/\/educandodeformasimple.com\/wp-content\/uploads\/2024\/03\/WhatsApp-Image-2024-03-10-at-08.53.16-300x226.jpeg 300w, https:\/\/educandodeformasimple.com\/wp-content\/uploads\/2024\/03\/WhatsApp-Image-2024-03-10-at-08.53.16-768x578.jpeg 768w, https:\/\/educandodeformasimple.com\/wp-content\/uploads\/2024\/03\/WhatsApp-Image-2024-03-10-at-08.53.16-1536x1157.jpeg 1536w, https:\/\/educandodeformasimple.com\/wp-content\/uploads\/2024\/03\/WhatsApp-Image-2024-03-10-at-08.53.16-80x60.jpeg 80w, https:\/\/educandodeformasimple.com\/wp-content\/uploads\/2024\/03\/WhatsApp-Image-2024-03-10-at-08.53.16-110x83.jpeg 110w, https:\/\/educandodeformasimple.com\/wp-content\/uploads\/2024\/03\/WhatsApp-Image-2024-03-10-at-08.53.16.jpeg 2040w\" sizes=\"auto, (max-width: 1024px) 100vw, 1024px\" \/><\/figure>\n\n\n\n<figure class=\"wp-block-image size-large\"><img loading=\"lazy\" decoding=\"async\" width=\"1024\" height=\"768\" data-id=\"504\" src=\"https:\/\/educandodeformasimple.com\/wp-content\/uploads\/2024\/03\/WhatsApp-Image-2024-03-10-at-08.53.15-2-1024x768.jpeg\" alt=\"\" class=\"wp-image-504\" srcset=\"https:\/\/educandodeformasimple.com\/wp-content\/uploads\/2024\/03\/WhatsApp-Image-2024-03-10-at-08.53.15-2-1024x768.jpeg 1024w, https:\/\/educandodeformasimple.com\/wp-content\/uploads\/2024\/03\/WhatsApp-Image-2024-03-10-at-08.53.15-2-300x225.jpeg 300w, https:\/\/educandodeformasimple.com\/wp-content\/uploads\/2024\/03\/WhatsApp-Image-2024-03-10-at-08.53.15-2-768x576.jpeg 768w, https:\/\/educandodeformasimple.com\/wp-content\/uploads\/2024\/03\/WhatsApp-Image-2024-03-10-at-08.53.15-2-1536x1152.jpeg 1536w, https:\/\/educandodeformasimple.com\/wp-content\/uploads\/2024\/03\/WhatsApp-Image-2024-03-10-at-08.53.15-2-80x60.jpeg 80w, https:\/\/educandodeformasimple.com\/wp-content\/uploads\/2024\/03\/WhatsApp-Image-2024-03-10-at-08.53.15-2-640x480.jpeg 640w, https:\/\/educandodeformasimple.com\/wp-content\/uploads\/2024\/03\/WhatsApp-Image-2024-03-10-at-08.53.15-2-110x83.jpeg 110w, https:\/\/educandodeformasimple.com\/wp-content\/uploads\/2024\/03\/WhatsApp-Image-2024-03-10-at-08.53.15-2.jpeg 2048w\" sizes=\"auto, (max-width: 1024px) 100vw, 1024px\" \/><\/figure>\n\n\n\n<figure class=\"wp-block-image size-large\"><img loading=\"lazy\" decoding=\"async\" width=\"771\" height=\"1024\" data-id=\"505\" src=\"https:\/\/educandodeformasimple.com\/wp-content\/uploads\/2024\/03\/WhatsApp-Image-2024-03-10-at-08.53.15-1-771x1024.jpeg\" alt=\"\" class=\"wp-image-505\" srcset=\"https:\/\/educandodeformasimple.com\/wp-content\/uploads\/2024\/03\/WhatsApp-Image-2024-03-10-at-08.53.15-1-771x1024.jpeg 771w, https:\/\/educandodeformasimple.com\/wp-content\/uploads\/2024\/03\/WhatsApp-Image-2024-03-10-at-08.53.15-1-226x300.jpeg 226w, https:\/\/educandodeformasimple.com\/wp-content\/uploads\/2024\/03\/WhatsApp-Image-2024-03-10-at-08.53.15-1-768x1020.jpeg 768w, https:\/\/educandodeformasimple.com\/wp-content\/uploads\/2024\/03\/WhatsApp-Image-2024-03-10-at-08.53.15-1-1157x1536.jpeg 1157w, https:\/\/educandodeformasimple.com\/wp-content\/uploads\/2024\/03\/WhatsApp-Image-2024-03-10-at-08.53.15-1-45x60.jpeg 45w, https:\/\/educandodeformasimple.com\/wp-content\/uploads\/2024\/03\/WhatsApp-Image-2024-03-10-at-08.53.15-1.jpeg 1536w\" sizes=\"auto, (max-width: 771px) 100vw, 771px\" \/><\/figure>\n\n\n\n<figure class=\"wp-block-image size-large\"><img loading=\"lazy\" decoding=\"async\" width=\"771\" height=\"1024\" data-id=\"506\" src=\"https:\/\/educandodeformasimple.com\/wp-content\/uploads\/2024\/03\/WhatsApp-Image-2024-03-10-at-08.53.15-771x1024.jpeg\" alt=\"\" class=\"wp-image-506\" srcset=\"https:\/\/educandodeformasimple.com\/wp-content\/uploads\/2024\/03\/WhatsApp-Image-2024-03-10-at-08.53.15-771x1024.jpeg 771w, https:\/\/educandodeformasimple.com\/wp-content\/uploads\/2024\/03\/WhatsApp-Image-2024-03-10-at-08.53.15-226x300.jpeg 226w, https:\/\/educandodeformasimple.com\/wp-content\/uploads\/2024\/03\/WhatsApp-Image-2024-03-10-at-08.53.15-768x1020.jpeg 768w, https:\/\/educandodeformasimple.com\/wp-content\/uploads\/2024\/03\/WhatsApp-Image-2024-03-10-at-08.53.15-1157x1536.jpeg 1157w, https:\/\/educandodeformasimple.com\/wp-content\/uploads\/2024\/03\/WhatsApp-Image-2024-03-10-at-08.53.15-45x60.jpeg 45w, https:\/\/educandodeformasimple.com\/wp-content\/uploads\/2024\/03\/WhatsApp-Image-2024-03-10-at-08.53.15.jpeg 1536w\" sizes=\"auto, (max-width: 771px) 100vw, 771px\" \/><\/figure>\n<\/figure>\n\n\n\n<h2 class=\"wp-block-heading has-black-color has-pale-cyan-blue-background-color has-text-color has-background has-link-color wp-elements-cb45a8f2fcaffc939a67cfad2cdadac6\">Sobre l\u00b4Enc\u00eds<\/h2>\n\n\n\n<p class=\"has-black-color has-text-color has-link-color wp-elements-11d3f69f64a817707990b693fc9c7892\"><a href=\"https:\/\/www.instagram.com\/espaiencis?igsh=MTllNmN3ZjF4MmY2Nw==\">Hacer Click aqu\u00ed para conocer m\u00e1s sobre este maravilloso espacio de crianza respetuosa y sus propuestas ubicado en Vilassar de Mar.<\/a><\/p>\n","protected":false},"excerpt":{"rendered":"<p>Querida comunidad de la escuela L&#8217;Enc\u00eds de Vilassar de Mar, Quiero expresar mi m\u00e1s sincero agradecimiento por haber sido parte de una tarde realmente especial el pasado viernes 1 de &hellip; <\/p>\n","protected":false},"author":1,"featured_media":0,"parent":0,"menu_order":0,"comment_status":"closed","ping_status":"closed","template":"","meta":{"_monsterinsights_skip_tracking":false,"_monsterinsights_sitenote_active":false,"_monsterinsights_sitenote_note":"","_monsterinsights_sitenote_category":0,"footnotes":""},"class_list":["post-485","page","type-page","status-publish","hentry"],"aioseo_notices":[],"_links":{"self":[{"href":"https:\/\/educandodeformasimple.com\/index.php?rest_route=\/wp\/v2\/pages\/485","targetHints":{"allow":["GET"]}}],"collection":[{"href":"https:\/\/educandodeformasimple.com\/index.php?rest_route=\/wp\/v2\/pages"}],"about":[{"href":"https:\/\/educandodeformasimple.com\/index.php?rest_route=\/wp\/v2\/types\/page"}],"author":[{"embeddable":true,"href":"https:\/\/educandodeformasimple.com\/index.php?rest_route=\/wp\/v2\/users\/1"}],"replies":[{"embeddable":true,"href":"https:\/\/educandodeformasimple.com\/index.php?rest_route=%2Fwp%2Fv2%2Fcomments&post=485"}],"version-history":[{"count":16,"href":"https:\/\/educandodeformasimple.com\/index.php?rest_route=\/wp\/v2\/pages\/485\/revisions"}],"predecessor-version":[{"id":523,"href":"https:\/\/educandodeformasimple.com\/index.php?rest_route=\/wp\/v2\/pages\/485\/revisions\/523"}],"wp:attachment":[{"href":"https:\/\/educandodeformasimple.com\/index.php?rest_route=%2Fwp%2Fv2%2Fmedia&parent=485"}],"curies":[{"name":"wp","href":"https:\/\/api.w.org\/{rel}","templated":true}]}}