{"id":447,"date":"2024-03-10T09:11:54","date_gmt":"2024-03-10T08:11:54","guid":{"rendered":"https:\/\/educandodeformasimple.com\/?page_id=447"},"modified":"2024-03-10T10:45:18","modified_gmt":"2024-03-10T09:45:18","slug":"conferencias","status":"publish","type":"page","link":"https:\/\/educandodeformasimple.com\/?page_id=447","title":{"rendered":"CONFERENCIAS EN ESCUELAS"},"content":{"rendered":"\n<p><em>\u00a1Bienvenidos a Educando de Forma Simple! <\/em>Mi nombre es Joanna Coronado y estoy comprometida con el bienestar integral de los ni\u00f1os y ni\u00f1as, es por ello que llevo m\u00e1s de 11 a\u00f1os impartiendo conferencias dise\u00f1adas para padres, madres y educadores interesados en fortalecer el v\u00ednculo y relaci\u00f3n con sus hijos y alumnos mediante mi sistema de <strong><em>Educaci\u00f3n Respetuosa Creativa.<\/em><\/strong><\/p>\n\n\n\n<h4 class=\"wp-block-heading has-black-color has-text-color has-link-color wp-elements-abf4751c28d09b3e2d044222a4d1a3cd\">Especialista en resoluci\u00f3n de conflictos<\/h4>\n\n\n\n<p>Mi especialidad es la resoluci\u00f3n de conflictos a trav\u00e9s de la aplicaci\u00f3n de mi metodolog\u00eda llamada <strong><em>\u00abL\u00edmites Sin Limitaciones\u00bb<\/em><\/strong>. En mis conferencias, compartir\u00e9 contigo herramientas pr\u00e1cticas y estrategias efectivas para establecer l\u00edmites de manera respetuosa, fomentando el desarrollo emocional y social de los ni\u00f1os.<\/p>\n\n\n\n<p>Entenderemos juntos c\u00f3mo los <em><strong>\u00abL\u00edmites Sin Limitaciones\u00bb<\/strong><\/em> son una gu\u00eda amorosa para acompa\u00f1ar nuestros ni\u00f1os, ayud\u00e1ndoles a comprender el mundo que les rodea y a desarrollar habilidades personales y sociales para la resoluci\u00f3n de conflictos de manera aut\u00f3noma y constructiva.<\/p>\n\n\n\n<h2 class=\"wp-block-heading has-black-color has-text-color has-link-color wp-elements-e9fc75bbc7a8543f018c1ab9b76228ae\">Beneficios de L\u00edmites Sin Limitaciones<\/h2>\n\n\n\n<ol class=\"wp-block-list\">\n<li><strong>Desarrollo emocional saludable<\/strong>: Al educar de manera <em>Respetuosa Creativa<\/em>, los ni\u00f1os aprenden a expresar sus emociones de manera adecuada y a comprender las emociones de los dem\u00e1s. Esto les ayuda a desarrollar una inteligencia emocional s\u00f3lida, lo que <em><a href=\"https:\/\/educandodeformasimple.com\/?p=234\">les permite gestionar el estr\u00e9s<\/a> <\/em>y los conflictos de manera m\u00e1s efectiva a lo largo de sus vidas.<\/li>\n\n\n\n<li><strong>Fortalecimiento de v\u00ednculos familiares y sociales<\/strong>: Al establecer <em>L\u00edmites Sin Limitaciones<\/em> con respeto, comprensi\u00f3n y empat\u00eda, se construyen relaciones basadas en la confianza y la comunicaci\u00f3n constructiva entre padres, hijos y otros miembros de la familia. Esto fortalece los lazos familiares y fomenta un sentido de pertenencia y seguridad en el hogar. Adem\u00e1s, los ni\u00f1os aprenden a establecer relaciones saludables y respetuosas con sus pares y otros seres humanos, lo que contribuye a un desarrollo social positivo.<\/li>\n\n\n\n<li><strong>Autonom\u00eda y responsabilidad<\/strong>: La <em>Educaci\u00f3n Respetuosa Creativa<\/em> fomenta la autonom\u00eda y la toma de decisiones conscientes en los ni\u00f1os. Al permitirles participar en la resoluci\u00f3n de problemas y en la toma de decisiones dentro de los <em>L\u00edmites Sin Limitaciones<\/em> establecidos, se les empodera para asumir la responsabilidad de sus acciones y aprender de sus experiencias, promoviendo as\u00ed un sentido de autoestima y confianza en s\u00ed mismos.<\/li>\n\n\n\n<li><strong>Reducci\u00f3n del estr\u00e9s y la ansiedad<\/strong>: Al vivir en un entorno donde se promueve el respeto mutuo y se establecen l\u00edmites claros pero flexibles, los ni\u00f1os experimentan menos estr\u00e9s y ansiedad. Saber qu\u00e9 se espera de ellos y sentirse seguros en su entorno les brinda una sensaci\u00f3n de estabilidad emocional que contribuye a su bienestar general.<\/li>\n\n\n\n<li><strong>Mejora del rendimiento acad\u00e9mico y la creatividad<\/strong>: Los ni\u00f1os que crecen en un ambiente de Educaci\u00f3n Respetuosa Creativa suelen mostrar un mayor inter\u00e9s en el aprendizaje y una mayor disposici\u00f3n para explorar nuevas ideas y conceptos. Al sentirse seguros y valorados, son m\u00e1s propensos a participar activamente en sus estudios y a desarrollar habilidades creativas que les ser\u00e1n \u00fatiles en todas las \u00e1reas de sus vidas.<\/li>\n<\/ol>\n\n\n\n<p>Estos beneficios resaltan c\u00f3mo una educaci\u00f3n basada en el respeto y la creatividad, junto con la aplicaci\u00f3n de <em>L\u00edmites Sin Limitaciones,<\/em> puede tener un impacto significativo en la salud emocional y los v\u00ednculos familiares y sociales de los ni\u00f1os, as\u00ed como en su desarrollo personal y acad\u00e9mico.<\/p>\n\n\n\n<p class=\"has-white-color has-vivid-green-cyan-background-color has-text-color has-background has-link-color wp-elements-4ffb1868d361aa19ada39ae9c535cd8c\">\u00a1\u00danete a Educando de Forma Simple y pon en pr\u00e1ctica la Educaci\u00f3n Respetuosa Creativa! Transforma tu escuela en un espacio donde florezcan el respeto, la empat\u00eda y el aprendizaje significativo. <\/p>\n\n\n\n<p>Si est\u00e1s interesado en promover un ambiente de aprendizaje constructivo y enriquecedor en tu hogar o escuela, \u00a1no dudes en contactarme para programar una conferencia! Juntos, podemos cultivar relaciones basadas en el respeto mutuo y el amor incondicional.<\/p>\n\n\n\n<p class=\"has-luminous-vivid-orange-color has-text-color has-link-color wp-elements-977925f183f7d66eb19ede7403eec264\">\u00a1Espero tener la oportunidad de colaborar contigo en el viaje hacia una educaci\u00f3n m\u00e1s respetuosa y creativa!<\/p>\n\n\n\n<h2 class=\"wp-block-heading has-black-color has-text-color has-link-color wp-elements-c226c365e961f29b42783e6b7c4f6977\"><a href=\"https:\/\/educandodeformasimple.com\/?page_id=191\">Contacta conmigo. Click aqu\u00ed.<\/a><\/h2>\n\n\n\n<p><strong><em><a href=\"https:\/\/educandodeformasimple.com\/?page_id=485\">\u00a1Descubre m\u00e1s sobre la conferencia en la escuela L&#8217;Enc\u00eds de Vilassar de Mar y \u00fanete a la conversaci\u00f3n sobre la educaci\u00f3n respetuosa y creativa!<\/a><\/em><\/strong><\/p>\n","protected":false},"excerpt":{"rendered":"<p>\u00a1Bienvenidos a Educando de Forma Simple! Mi nombre es Joanna Coronado y estoy comprometida con el bienestar integral de los ni\u00f1os y ni\u00f1as, es por ello que llevo m\u00e1s de &hellip; <\/p>\n","protected":false},"author":1,"featured_media":0,"parent":0,"menu_order":0,"comment_status":"closed","ping_status":"closed","template":"","meta":{"_monsterinsights_skip_tracking":false,"_monsterinsights_sitenote_active":false,"_monsterinsights_sitenote_note":"","_monsterinsights_sitenote_category":0,"footnotes":""},"class_list":["post-447","page","type-page","status-publish","hentry"],"aioseo_notices":[],"_links":{"self":[{"href":"https:\/\/educandodeformasimple.com\/index.php?rest_route=\/wp\/v2\/pages\/447","targetHints":{"allow":["GET"]}}],"collection":[{"href":"https:\/\/educandodeformasimple.com\/index.php?rest_route=\/wp\/v2\/pages"}],"about":[{"href":"https:\/\/educandodeformasimple.com\/index.php?rest_route=\/wp\/v2\/types\/page"}],"author":[{"embeddable":true,"href":"https:\/\/educandodeformasimple.com\/index.php?rest_route=\/wp\/v2\/users\/1"}],"replies":[{"embeddable":true,"href":"https:\/\/educandodeformasimple.com\/index.php?rest_route=%2Fwp%2Fv2%2Fcomments&post=447"}],"version-history":[{"count":27,"href":"https:\/\/educandodeformasimple.com\/index.php?rest_route=\/wp\/v2\/pages\/447\/revisions"}],"predecessor-version":[{"id":520,"href":"https:\/\/educandodeformasimple.com\/index.php?rest_route=\/wp\/v2\/pages\/447\/revisions\/520"}],"wp:attachment":[{"href":"https:\/\/educandodeformasimple.com\/index.php?rest_route=%2Fwp%2Fv2%2Fmedia&parent=447"}],"curies":[{"name":"wp","href":"https:\/\/api.w.org\/{rel}","templated":true}]}}