{"id":1853,"date":"2025-01-09T11:45:48","date_gmt":"2025-01-09T10:45:48","guid":{"rendered":"https:\/\/educandodeformasimple.com\/?page_id=1853"},"modified":"2025-04-02T20:37:36","modified_gmt":"2025-04-02T18:37:36","slug":"a-traves-del-juego-desarrollo-de-la-inteligencia-emocional","status":"publish","type":"page","link":"https:\/\/educandodeformasimple.com\/?page_id=1853","title":{"rendered":"A TRAV\u00c9S DEL JUEGO: Desarrollo de la Inteligencia Emocional"},"content":{"rendered":"\n<blockquote class=\"wp-block-quote is-layout-flow wp-block-quote-is-layout-flow\">\n<blockquote class=\"wp-block-quote is-layout-flow wp-block-quote-is-layout-flow\">\n<p class=\"has-black-color has-text-color has-link-color wp-elements-eebe540280b4c0384ccee804464b5fc3\">Una formaci\u00f3n expr\u00e9s gratuita para madres y padres comprometidos con una crianza m\u00e1s justa y respetuosa<\/p>\n<\/blockquote>\n\n\n\n<p>Si alguna vez te has preguntado:<\/p>\n\n\n\n<ul class=\"wp-block-list\">\n<li><em>\u00bfQu\u00e9 siente mi hijo en medio de un conflicto o rabieta?<\/em><\/li>\n\n\n\n<li><em>\u00bfPor qu\u00e9 le cuesta tanto expresar lo que le pasa?<\/em><\/li>\n\n\n\n<li><em>\u00bfC\u00f3mo puedo ayudarle a gestionar sus emociones y sistema nervioso sin perder la calma?<\/em><\/li>\n<\/ul>\n<\/blockquote>\n\n\n\n<p class=\"has-black-color has-text-color has-link-color wp-elements-88d5d71222b37ed03493204232199cd3\">Entonces esta Formaci\u00f3n Expr\u00e9s Gratuita es para ti.<\/p>\n\n\n\n<p class=\"has-black-color has-pale-pink-background-color has-text-color has-background has-link-color wp-elements-88cc170bbf46d6aea82f6a5144ca51bf\"><strong>\u00abA TRAV\u00c9S DEL JUEGO: Desarrollo de la Inteligencia Emocional\u00bb<\/strong> es una oportunidad \u00fanica para aprender herramientas pr\u00e1cticas y efectivas que te permitir\u00e1n comprender el mundo emocional de tus hijos y acompa\u00f1arlos en sus conflictos desde el respeto y la comprensi\u00f3n.<\/p>\n\n\n\n<h3 class=\"wp-block-heading has-black-color has-vivid-green-cyan-background-color has-text-color has-background has-link-color wp-elements-0da794675d2ba77609733acda9aa755e\"><strong>\u00bfQu\u00e9 aprender\u00e1s en esta formaci\u00f3n?<\/strong><\/h3>\n\n\n\n<ol class=\"wp-block-list\">\n<li><strong>Comprender las emociones de tus hijos<\/strong>: Aprender\u00e1s a identificar lo que realmente sienten y necesitan en momentos de conflicto.<\/li>\n\n\n\n<li><strong>El poder del juego como herramienta emocional<\/strong> <strong>y regulaci\u00f3n del sistema nervioso:<\/strong> Descubrir\u00e1s c\u00f3mo los ni\u00f1os expresan sus emociones y resuelven conflictos a trav\u00e9s del juego, de forma calmada.<\/li>\n\n\n\n<li><strong>Acompa\u00f1amiento emocional respetuoso<\/strong>: Conocer\u00e1s estrategias pr\u00e1cticas para apoyar a tus hijos en su desarrollo emocional y nervioso, y construir una relaci\u00f3n basada en un v\u00ednculo extraordinario de confianza y conexi\u00f3n.<\/li>\n<\/ol>\n\n\n\n<h3 class=\"wp-block-heading has-black-color has-vivid-green-cyan-background-color has-text-color has-background has-link-color wp-elements-6dbc5a1e6c2ea294ee61d07f538c59a5\"><strong>\u00bfC\u00f3mo funciona la formaci\u00f3n?<\/strong><\/h3>\n\n\n\n<ul class=\"wp-block-list\">\n<li><strong>D\u00eda 1 y D\u00eda 2<\/strong> (por WhatsApp):<br>Recibir\u00e1s contenido breve y claro, acompa\u00f1ado de actividades pr\u00e1cticas para realizar con tus hijos. Estos materiales estar\u00e1n dise\u00f1ados para integrarse f\u00e1cilmente en tu rutina diaria.<\/li>\n\n\n\n<li><strong>D\u00eda 3<\/strong> (webinar en vivo):<br>Participar\u00e1s en una sesi\u00f3n interactiva donde profundizaremos en el tema y resolveremos dudas en tiempo real. Esta ser\u00e1 una excelente oportunidad para conectar con otras familias y compartir experiencias.<\/li>\n<\/ul>\n\n\n\n<h3 class=\"wp-block-heading has-black-color has-pale-cyan-blue-background-color has-text-color has-background has-link-color wp-elements-e09c48c3684976ef3c602f2231844a7e\"><strong>\u00bfPor qu\u00e9 es gratuita?<\/strong><\/h3>\n\n\n\n<p>Creo que todas las familias merecen la oportunidad de tener herramientas para construir relaciones m\u00e1s sanas y respetuosas. Esta formaci\u00f3n es mi manera de mostrarte lo transformador que puede ser aplicar los principios de la Educaci\u00f3n Respetuosa Creativa y animarte a dar el siguiente paso hacia una crianza respetuosa.<\/p>\n\n\n\n<h3 class=\"wp-block-heading has-black-color has-vivid-green-cyan-background-color has-text-color has-background has-link-color wp-elements-e4970532555967e2b908c2b2af3f0997\"><strong>\u00bfQu\u00e9 necesitas para participar?<\/strong><\/h3>\n\n\n\n<ul class=\"wp-block-list\">\n<li>Un dispositivo con conexi\u00f3n a internet.<\/li>\n\n\n\n<li>Descargarte la aplicaci\u00f3n gratuita de ZOOM<\/li>\n\n\n\n<li>Ganas de aprender y compartir tiempo de calidad con tus hijos.<\/li>\n<\/ul>\n\n\n\n<h3 class=\"wp-block-heading has-black-color has-vivid-green-cyan-background-color has-text-color has-background has-link-color wp-elements-1cb6230e5b635da9c980dbe7301f33b3\"><strong>\u00bfC\u00f3mo inscribirte?<\/strong><\/h3>\n\n\n\n<p>Es muy sencillo:<\/p>\n\n\n\n<ol class=\"wp-block-list\">\n<li>Haz Click en la imagen y entrar\u00e1s dentro del grupo donde se realizar\u00e1 la formaci\u00f3n.<\/li>\n\n\n\n<li>\u00a1Prep\u00e1rate para transformar la forma en que comprendes y acompa\u00f1as a tus hijos!<\/li>\n<\/ol>\n\n\n\n<figure class=\"wp-block-image size-large\"><a href=\"https:\/\/chat.whatsapp.com\/C9wbgh95lks68xJSBwvSs9\"><img loading=\"lazy\" decoding=\"async\" width=\"1024\" height=\"1024\" src=\"https:\/\/educandodeformasimple.com\/wp-content\/uploads\/2025\/01\/Copia-de-Copia-de-EDUCAR-SIN-GRITOS-1024x1024.png\" alt=\"\" class=\"wp-image-1876\" srcset=\"https:\/\/educandodeformasimple.com\/wp-content\/uploads\/2025\/01\/Copia-de-Copia-de-EDUCAR-SIN-GRITOS-1024x1024.png 1024w, https:\/\/educandodeformasimple.com\/wp-content\/uploads\/2025\/01\/Copia-de-Copia-de-EDUCAR-SIN-GRITOS-300x300.png 300w, https:\/\/educandodeformasimple.com\/wp-content\/uploads\/2025\/01\/Copia-de-Copia-de-EDUCAR-SIN-GRITOS-150x150.png 150w, https:\/\/educandodeformasimple.com\/wp-content\/uploads\/2025\/01\/Copia-de-Copia-de-EDUCAR-SIN-GRITOS-768x768.png 768w, https:\/\/educandodeformasimple.com\/wp-content\/uploads\/2025\/01\/Copia-de-Copia-de-EDUCAR-SIN-GRITOS.png 1080w\" sizes=\"auto, (max-width: 1024px) 100vw, 1024px\" \/><\/a><\/figure>\n\n\n\n<p class=\"has-black-color has-vivid-green-cyan-background-color has-text-color has-background has-link-color has-large-font-size wp-elements-b9ff2f95dba0a23d96371490125f604e\"><strong>PR\u00d3XIMA CONVOCAT\u00d3RIA: <\/strong>En breve os informo de pr\u00f3ximas fechas<\/p>\n\n\n\n<p><strong>Reg\u00edstrate ahora y \u00fanete a esta experiencia transformadora.<\/strong><br><strong>A trav\u00e9s del juego, t\u00fa tambi\u00e9n puedes ayudar a tus hijos a desarrollar su inteligencia emocional y construir una relaci\u00f3n m\u00e1s profunda con ellos.<\/strong><\/p>\n\n\n\n<p class=\"has-black-color has-pale-pink-background-color has-text-color has-background has-link-color has-medium-font-size wp-elements-5152ff2cb9446c86aab5ab08e9c45a64\"><strong>Investiga las Formaciones Expr\u00e9s Gratuitas que tengo preparadas para ti<\/strong><\/p>\n\n\n\n<figure class=\"wp-block-image size-large\"><a href=\"https:\/\/educandodeformasimple.com\/?page_id=2\"><img loading=\"lazy\" decoding=\"async\" width=\"1024\" height=\"576\" src=\"https:\/\/educandodeformasimple.com\/wp-content\/uploads\/2024\/01\/Copia-de-Copia-de-Miniatura-Youtube-Ejercicio-llamativa-amarillo-Negro-1-2-1024x576.png\" alt=\"\" class=\"wp-image-167\" srcset=\"https:\/\/educandodeformasimple.com\/wp-content\/uploads\/2024\/01\/Copia-de-Copia-de-Miniatura-Youtube-Ejercicio-llamativa-amarillo-Negro-1-2-1024x576.png 1024w, https:\/\/educandodeformasimple.com\/wp-content\/uploads\/2024\/01\/Copia-de-Copia-de-Miniatura-Youtube-Ejercicio-llamativa-amarillo-Negro-1-2-300x169.png 300w, https:\/\/educandodeformasimple.com\/wp-content\/uploads\/2024\/01\/Copia-de-Copia-de-Miniatura-Youtube-Ejercicio-llamativa-amarillo-Negro-1-2-768x432.png 768w, https:\/\/educandodeformasimple.com\/wp-content\/uploads\/2024\/01\/Copia-de-Copia-de-Miniatura-Youtube-Ejercicio-llamativa-amarillo-Negro-1-2-107x60.png 107w, https:\/\/educandodeformasimple.com\/wp-content\/uploads\/2024\/01\/Copia-de-Copia-de-Miniatura-Youtube-Ejercicio-llamativa-amarillo-Negro-1-2.png 1280w\" sizes=\"auto, (max-width: 1024px) 100vw, 1024px\" \/><\/a><\/figure>\n","protected":false},"excerpt":{"rendered":"<p>Entonces esta Formaci\u00f3n Expr\u00e9s Gratuita es para ti. \u00abA TRAV\u00c9S DEL JUEGO: Desarrollo de la Inteligencia Emocional\u00bb es una oportunidad \u00fanica para aprender herramientas pr\u00e1cticas y efectivas que te permitir\u00e1n &hellip; <\/p>\n","protected":false},"author":1,"featured_media":1875,"parent":0,"menu_order":0,"comment_status":"closed","ping_status":"closed","template":"","meta":{"_monsterinsights_skip_tracking":false,"_monsterinsights_sitenote_active":false,"_monsterinsights_sitenote_note":"","_monsterinsights_sitenote_category":0,"footnotes":""},"class_list":["post-1853","page","type-page","status-publish","has-post-thumbnail","hentry"],"aioseo_notices":[],"_links":{"self":[{"href":"https:\/\/educandodeformasimple.com\/index.php?rest_route=\/wp\/v2\/pages\/1853","targetHints":{"allow":["GET"]}}],"collection":[{"href":"https:\/\/educandodeformasimple.com\/index.php?rest_route=\/wp\/v2\/pages"}],"about":[{"href":"https:\/\/educandodeformasimple.com\/index.php?rest_route=\/wp\/v2\/types\/page"}],"author":[{"embeddable":true,"href":"https:\/\/educandodeformasimple.com\/index.php?rest_route=\/wp\/v2\/users\/1"}],"replies":[{"embeddable":true,"href":"https:\/\/educandodeformasimple.com\/index.php?rest_route=%2Fwp%2Fv2%2Fcomments&post=1853"}],"version-history":[{"count":25,"href":"https:\/\/educandodeformasimple.com\/index.php?rest_route=\/wp\/v2\/pages\/1853\/revisions"}],"predecessor-version":[{"id":2106,"href":"https:\/\/educandodeformasimple.com\/index.php?rest_route=\/wp\/v2\/pages\/1853\/revisions\/2106"}],"wp:featuredmedia":[{"embeddable":true,"href":"https:\/\/educandodeformasimple.com\/index.php?rest_route=\/wp\/v2\/media\/1875"}],"wp:attachment":[{"href":"https:\/\/educandodeformasimple.com\/index.php?rest_route=%2Fwp%2Fv2%2Fmedia&parent=1853"}],"curies":[{"name":"wp","href":"https:\/\/api.w.org\/{rel}","templated":true}]}}