{"id":177,"date":"2024-01-13T13:10:48","date_gmt":"2024-01-13T12:10:48","guid":{"rendered":"https:\/\/educandodeformasimple.com\/?page_id=177"},"modified":"2025-04-02T21:50:48","modified_gmt":"2025-04-02T19:50:48","slug":"consultas-personales","status":"publish","type":"page","link":"https:\/\/educandodeformasimple.com\/?page_id=177","title":{"rendered":"Consultas personales Online y Presenciales"},"content":{"rendered":"\n<figure class=\"wp-block-image size-large\"><a href=\"https:\/\/chat.whatsapp.com\/FX9aKJVNNrFH0gQZFsV4dt\"><img loading=\"lazy\" decoding=\"async\" width=\"1024\" height=\"1024\" src=\"https:\/\/educandodeformasimple.com\/wp-content\/uploads\/2024\/01\/Copia-de-Programa-de-12-meses-1024x1024.png\" alt=\"\" class=\"wp-image-182\" srcset=\"https:\/\/educandodeformasimple.com\/wp-content\/uploads\/2024\/01\/Copia-de-Programa-de-12-meses-1024x1024.png 1024w, https:\/\/educandodeformasimple.com\/wp-content\/uploads\/2024\/01\/Copia-de-Programa-de-12-meses-300x300.png 300w, https:\/\/educandodeformasimple.com\/wp-content\/uploads\/2024\/01\/Copia-de-Programa-de-12-meses-150x150.png 150w, https:\/\/educandodeformasimple.com\/wp-content\/uploads\/2024\/01\/Copia-de-Programa-de-12-meses-768x768.png 768w, https:\/\/educandodeformasimple.com\/wp-content\/uploads\/2024\/01\/Copia-de-Programa-de-12-meses-60x60.png 60w, https:\/\/educandodeformasimple.com\/wp-content\/uploads\/2024\/01\/Copia-de-Programa-de-12-meses.png 1080w\" sizes=\"auto, (max-width: 1024px) 100vw, 1024px\" \/><\/a><\/figure>\n\n\n\n<p>Estas sesiones son una invitaci\u00f3n para madres, padres y profesionales que desean tener soluciones eficaces a las situaciones de conflictos y dudas en la etapa de la crianza, educaci\u00f3n y ense\u00f1anza. Desarrollar una conexi\u00f3n verdadera y una comprensi\u00f3n profunda con sus hij@s o alumn@s de 0 a 21 a\u00f1os a trav\u00e9s de mentor\u00edas personalizadas basadas en mi metodolog\u00eda de la Educaci\u00f3n Creativa Respetuosa.<\/p>\n\n\n\n<p>Con el acompa\u00f1amiento que ofrezco obtendr\u00e1s herramientas efectivas que fomentan soluciones r\u00e1pidas y un entorno respetuoso y enriquecedor, fortaleciendo el v\u00ednculo y cultivando habilidades esenciales para afrontar cualquier situaci\u00f3n.<\/p>\n\n\n\n<p>Sin duda, una experiencia transformadora que generar\u00e1 la comunicaci\u00f3n s\u00f3lida para nutrir el crecimiento integral de tus hijos.<\/p>\n\n\n\n<h2 class=\"wp-block-heading has-black-color has-vivid-green-cyan-background-color has-text-color has-background has-link-color wp-elements-0f839b0ec3cd1da963a7630cd261c51c\">Consultas presenciales<\/h2>\n\n\n\n<p>En ocasiones tenemos la fortuna de vivir relativamente tan cerca que me permite desplazarme a tu hogar y poder realizar la sesi\u00f3n desde en entorno donde os encontr\u00e1is habitualmente. De esta manera es m\u00e1s f\u00e1cil llegar a soluciones m\u00e1s personificadas que suelen acelerar el proceso de soluci\u00f3n.<\/p>\n\n\n\n<h2 class=\"wp-block-heading has-black-color has-vivid-green-cyan-background-color has-text-color has-background has-link-color wp-elements-fcea2e80088bfe6a5f01dd15f4cd7974\">Consultas presenciales en la escuela Enc\u00eds<\/h2>\n\n\n\n<p>Esta opci\u00f3n es extraordinaria, ya que te ofrezco la posibilidad de venir con tu hij@ si est\u00e1 entre los 0 a\u00f1os y los 6 a la escuela donde realizo acompa\u00f1amientos familiares, y donde tambi\u00e9n me encontrar\u00e1s como maestra ciertos d\u00edas.<\/p>\n\n\n\n<p>La mejor manera de ayudarte es ver a tu hij@ jugando, experimentando y relacion\u00e1ndose con otros ni\u00f1os, es por esto que esta opci\u00f3n es magn\u00edfica.<\/p>\n\n\n\n<p>La escuela Enc\u00eds se encuentra en Vilassar de Mar. La l\u00ednea de la escuela es respetuosa<\/p>\n\n\n\n<p>Tambi\u00e9n podr\u00e1s encontrarme los lunes tarde de 17.30 a 19h en la escuela Enc\u00eds, en el espacio de familiar de Resoluci\u00f3n de Conflictos, donde venir con tus hij@s a aprender como resolver conflictos y poner L\u00edmites sin Limitaciones.<\/p>\n\n\n\n<p class=\"has-black-color has-pale-pink-background-color has-text-color has-background has-link-color wp-elements-470c0b6374ebab38f5c04cd2dc465ced\">Estoy para ayudarte, \u00a1Contacta conmigo!<\/p>\n\n\n<div class=\"wp-block-image\">\n<figure class=\"aligncenter size-large\"><a href=\"https:\/\/chat.whatsapp.com\/BLszlAbWPBaGVVmkERHAeN\"><img loading=\"lazy\" decoding=\"async\" width=\"1024\" height=\"576\" src=\"https:\/\/educandodeformasimple.com\/wp-content\/uploads\/2024\/01\/Copia-de-Copia-de-Copia-de-Miniatura-Youtube-Ejercicio-llamativa-amarillo-Negro-1-1-1024x576.png\" alt=\"\" class=\"wp-image-265\" srcset=\"https:\/\/educandodeformasimple.com\/wp-content\/uploads\/2024\/01\/Copia-de-Copia-de-Copia-de-Miniatura-Youtube-Ejercicio-llamativa-amarillo-Negro-1-1-1024x576.png 1024w, https:\/\/educandodeformasimple.com\/wp-content\/uploads\/2024\/01\/Copia-de-Copia-de-Copia-de-Miniatura-Youtube-Ejercicio-llamativa-amarillo-Negro-1-1-300x169.png 300w, https:\/\/educandodeformasimple.com\/wp-content\/uploads\/2024\/01\/Copia-de-Copia-de-Copia-de-Miniatura-Youtube-Ejercicio-llamativa-amarillo-Negro-1-1-768x432.png 768w, https:\/\/educandodeformasimple.com\/wp-content\/uploads\/2024\/01\/Copia-de-Copia-de-Copia-de-Miniatura-Youtube-Ejercicio-llamativa-amarillo-Negro-1-1-107x60.png 107w, https:\/\/educandodeformasimple.com\/wp-content\/uploads\/2024\/01\/Copia-de-Copia-de-Copia-de-Miniatura-Youtube-Ejercicio-llamativa-amarillo-Negro-1-1.png 1280w\" sizes=\"auto, (max-width: 1024px) 100vw, 1024px\" \/><\/a><\/figure>\n<\/div>","protected":false},"excerpt":{"rendered":"<p>Estas sesiones son una invitaci\u00f3n para madres, padres y profesionales que desean tener soluciones eficaces a las situaciones de conflictos y dudas en la etapa de la crianza, educaci\u00f3n y &hellip; <\/p>\n","protected":false},"author":1,"featured_media":0,"parent":0,"menu_order":0,"comment_status":"closed","ping_status":"closed","template":"","meta":{"_monsterinsights_skip_tracking":false,"_monsterinsights_sitenote_active":false,"_monsterinsights_sitenote_note":"","_monsterinsights_sitenote_category":0,"footnotes":""},"class_list":["post-177","page","type-page","status-publish","hentry"],"aioseo_notices":[],"_links":{"self":[{"href":"https:\/\/educandodeformasimple.com\/index.php?rest_route=\/wp\/v2\/pages\/177","targetHints":{"allow":["GET"]}}],"collection":[{"href":"https:\/\/educandodeformasimple.com\/index.php?rest_route=\/wp\/v2\/pages"}],"about":[{"href":"https:\/\/educandodeformasimple.com\/index.php?rest_route=\/wp\/v2\/types\/page"}],"author":[{"embeddable":true,"href":"https:\/\/educandodeformasimple.com\/index.php?rest_route=\/wp\/v2\/users\/1"}],"replies":[{"embeddable":true,"href":"https:\/\/educandodeformasimple.com\/index.php?rest_route=%2Fwp%2Fv2%2Fcomments&post=177"}],"version-history":[{"count":17,"href":"https:\/\/educandodeformasimple.com\/index.php?rest_route=\/wp\/v2\/pages\/177\/revisions"}],"predecessor-version":[{"id":2174,"href":"https:\/\/educandodeformasimple.com\/index.php?rest_route=\/wp\/v2\/pages\/177\/revisions\/2174"}],"wp:attachment":[{"href":"https:\/\/educandodeformasimple.com\/index.php?rest_route=%2Fwp%2Fv2%2Fmedia&parent=177"}],"curies":[{"name":"wp","href":"https:\/\/api.w.org\/{rel}","templated":true}]}}