{"id":1440,"date":"2024-09-13T08:54:20","date_gmt":"2024-09-13T06:54:20","guid":{"rendered":"https:\/\/educandodeformasimple.com\/?page_id=1440"},"modified":"2025-04-02T20:34:30","modified_gmt":"2025-04-02T18:34:30","slug":"sobre-mi","status":"publish","type":"page","link":"https:\/\/educandodeformasimple.com\/?page_id=1440","title":{"rendered":"Sobre mi"},"content":{"rendered":"\n<p class=\"has-black-color has-text-color has-link-color wp-elements-ea20d2e72b008cbf32d2824768dbd775\"><strong>Hola, querido\/a adulto\/a,<br><\/strong> Soy <strong>Joanna Coronado<\/strong> y mi misi\u00f3n es ayudarte a hacer que la <strong>crianza, educaci\u00f3n y ense\u00f1anza<\/strong> sean <strong>simples<\/strong> y profundamente <strong>respetuosas<\/strong>. Bienvenido\/a a mi hogar <strong>Educando de Forma Simple<\/strong><\/p>\n\n\n\n<p class=\"has-black-color has-text-color has-link-color wp-elements-5e9d0f940ffa815683d6cdb8c1a363b0\"><br>Creo que tanto <strong>padres como educadores<\/strong> merecen herramientas claras, accesibles y eficaces para acompa\u00f1ar a los ni\u00f1os en su crecimiento, siempre manteniendo presente la comprensi\u00f3n (empat\u00eda) y el <strong>respeto mutuo<\/strong>.<br>Antes de contarte m\u00e1s sobre lo que hago, quiero compartir un poco de mi historia. Soy madre de dos preciosas hijas: la mayor naci\u00f3 en 2004 y la peque\u00f1a en 2013. Adem\u00e1s, soy la hija mayor de tres hermanos. Estas experiencias han sido clave en mi camino hacia el mundo de la <strong>crianza<\/strong>, la <strong>educaci\u00f3n<\/strong> y la <strong>ense\u00f1anza<\/strong>, siempre desde un lugar de <strong>conciencia profunda<\/strong> sobre las etapas y ritmos de la infancia.<\/p>\n\n\n\n<p class=\"has-black-color has-text-color has-link-color wp-elements-2609c5b9d08fbfe5ed753bb671936b62\"><br>Mi camino hacia la <strong>Educaci\u00f3n Respetuosa<\/strong> comenz\u00f3 con mi primera maternidad y esa curiosidad imperiosa por el <strong>autodescubrimiento<\/strong> y el deseo infrenable de ser cada d\u00eda mejor persona, y, por supuesto, mejor madre. Con la llegada de mi segunda hija, mi fascinaci\u00f3n por las <strong>pedagog\u00edas respetuosas<\/strong> y la <strong>neuroeducaci\u00f3n<\/strong> creci\u00f3 a\u00fan m\u00e1s. Toda esa inquietud personal fue la que dio forma y transform\u00f3 mi proyecto de acompa\u00f1amiento a familias y profesionales, aportando un gran valor a mi vocaci\u00f3n.<br>Desde entonces, mi proyecto pas\u00f3 a llamarse <strong>Educando de Forma Simple<\/strong> y mi modelo educativo lo llam\u00e9 <strong>Educaci\u00f3n Respetuosa Creativa<\/strong>. Dentro de <strong>Educando de Forma Simple<\/strong> encontrar\u00e1s mi <strong>acompa\u00f1amiento estrella<\/strong>, <a href=\"https:\/\/educandodeformasimple.com\/wp-admin\/post.php?post=1330&amp;action=edit\" title=\"\"><strong>Educar con Respeto<\/strong>: <strong>los 4TE para resolver conflictos y establecer L\u00edmites sin Limitaciones<\/strong><\/a>, as\u00ed como <strong>formaciones<\/strong> que te proporcionar\u00e1n <strong>claridad<\/strong>, <strong>seguridad<\/strong> y <strong>confianza<\/strong> en tu labor de educar a tus hijos o alumnos. <\/p>\n\n\n\n<p class=\"has-black-color has-vivid-green-cyan-background-color has-text-color has-background has-link-color wp-elements-3728a07d57024e4bbda5dd4fc0c112a4\">Todas mis ense\u00f1anzas de<strong> Educaci\u00f3n Respetuosa Creativa <\/strong>se construyen sobre tres pilares fundamentales: mi experiencia personal con la crianza respetuosa, la maravillosa neuroeducaci\u00f3n y una gran variedad de fant\u00e1sticas pedagog\u00edas centradas en cuidar y atender las necesidades de los ni\u00f1os, adolescente y seres humanos.<\/p>\n\n\n\n<p class=\"has-black-color has-text-color has-link-color wp-elements-627ed622f44c91b1fab412b4b511e1ba\"><br>Me apasiona ayudar a los <strong>padres<\/strong>, <strong>madres<\/strong> y <strong>profesionales<\/strong> a comprender la infancia de tal manera que todo se haga <strong>extremadamente m\u00e1s sencillo<\/strong>, <strong>placentero<\/strong> y <strong>divertido<\/strong>.<br>Mi especialidad es la <strong>resoluci\u00f3n de conflictos<\/strong> en la etapa de los 0 a los 21 a\u00f1os. Garantizo altos niveles de \u00e9xito al aplicar mi metodolog\u00eda, que ya lleva <strong>20 a\u00f1os<\/strong> dejando hogares felices y centros educativos con aulas m\u00e1s livianas y distensionadas de conflictos.<\/p>\n\n\n\n<p class=\"has-black-color has-text-color has-link-color wp-elements-12c8d77d8480a77ba8aefd84f28381ef\"><br>En mis momentos de descanso personal, lo que m\u00e1s me complace es compartir tiempo con mis hijas, disfrutando de <strong>conversaciones<\/strong> y <strong>mucho arte<\/strong>. Tambi\u00e9n tengo un h\u00e1bito diario que no puede faltar en mis momentos conmigo misma: el estudio continuo de m\u00ed misma, la transformaci\u00f3n personal y la crianza respetuosa. Mantenerme <strong>curiosa<\/strong> y <strong>constante<\/strong> me completa, y esto se traslada al valor que entrego a las familias y profesionales que acompa\u00f1o.<\/p>\n\n\n\n<p class=\"has-black-color has-vivid-green-cyan-background-color has-text-color has-background has-link-color wp-elements-a69cfc8290a86170135aaa0158387d9e\"><br>Si tienes preguntas que te gustar\u00eda hacerme, dudas, o simplemente quieres compartir tu experiencia conmigo, no dudes en escribirme. \u00a1Estoy aqu\u00ed para ayudarte!<\/p>\n\n\n\n<p class=\"has-black-color has-vivid-green-cyan-background-color has-text-color has-background has-link-color wp-elements-b4841a8e80ba3e97f37b7fd2617b2184\">Env\u00eda email a: info@educandodeformasimple-com<\/p>\n\n\n<div class=\"wp-block-image\">\n<figure class=\"aligncenter size-large\"><a href=\"info@educandodeformasimple.com\"><img loading=\"lazy\" decoding=\"async\" width=\"1024\" height=\"576\" src=\"https:\/\/educandodeformasimple.com\/wp-content\/uploads\/2024\/01\/Copia-de-Copia-de-Copia-de-Miniatura-Youtube-Ejercicio-llamativa-amarillo-Negro-2-1024x576.png\" alt=\"\" class=\"wp-image-197\" srcset=\"https:\/\/educandodeformasimple.com\/wp-content\/uploads\/2024\/01\/Copia-de-Copia-de-Copia-de-Miniatura-Youtube-Ejercicio-llamativa-amarillo-Negro-2-1024x576.png 1024w, https:\/\/educandodeformasimple.com\/wp-content\/uploads\/2024\/01\/Copia-de-Copia-de-Copia-de-Miniatura-Youtube-Ejercicio-llamativa-amarillo-Negro-2-300x169.png 300w, https:\/\/educandodeformasimple.com\/wp-content\/uploads\/2024\/01\/Copia-de-Copia-de-Copia-de-Miniatura-Youtube-Ejercicio-llamativa-amarillo-Negro-2-768x432.png 768w, https:\/\/educandodeformasimple.com\/wp-content\/uploads\/2024\/01\/Copia-de-Copia-de-Copia-de-Miniatura-Youtube-Ejercicio-llamativa-amarillo-Negro-2-107x60.png 107w, https:\/\/educandodeformasimple.com\/wp-content\/uploads\/2024\/01\/Copia-de-Copia-de-Copia-de-Miniatura-Youtube-Ejercicio-llamativa-amarillo-Negro-2.png 1280w\" sizes=\"auto, (max-width: 1024px) 100vw, 1024px\" \/><\/a><\/figure>\n<\/div>\n\n<div class=\"wp-block-image\">\n<figure class=\"aligncenter size-large\"><a href=\"https:\/\/chat.whatsapp.com\/BLszlAbWPBaGVVmkERHAeN\"><img loading=\"lazy\" decoding=\"async\" width=\"1024\" height=\"576\" src=\"https:\/\/educandodeformasimple.com\/wp-content\/uploads\/2024\/01\/Copia-de-Copia-de-Copia-de-Miniatura-Youtube-Ejercicio-llamativa-amarillo-Negro-1-1024x576.png\" alt=\"\" class=\"wp-image-196\" srcset=\"https:\/\/educandodeformasimple.com\/wp-content\/uploads\/2024\/01\/Copia-de-Copia-de-Copia-de-Miniatura-Youtube-Ejercicio-llamativa-amarillo-Negro-1-1024x576.png 1024w, https:\/\/educandodeformasimple.com\/wp-content\/uploads\/2024\/01\/Copia-de-Copia-de-Copia-de-Miniatura-Youtube-Ejercicio-llamativa-amarillo-Negro-1-300x169.png 300w, https:\/\/educandodeformasimple.com\/wp-content\/uploads\/2024\/01\/Copia-de-Copia-de-Copia-de-Miniatura-Youtube-Ejercicio-llamativa-amarillo-Negro-1-768x432.png 768w, https:\/\/educandodeformasimple.com\/wp-content\/uploads\/2024\/01\/Copia-de-Copia-de-Copia-de-Miniatura-Youtube-Ejercicio-llamativa-amarillo-Negro-1-107x60.png 107w, https:\/\/educandodeformasimple.com\/wp-content\/uploads\/2024\/01\/Copia-de-Copia-de-Copia-de-Miniatura-Youtube-Ejercicio-llamativa-amarillo-Negro-1.png 1280w\" sizes=\"auto, (max-width: 1024px) 100vw, 1024px\" \/><\/a><\/figure>\n<\/div>\n\n<div class=\"wp-block-image\">\n<figure class=\"aligncenter size-large\"><a href=\"https:\/\/educandodeformasimple.com\/?page_id=1330\"><img loading=\"lazy\" decoding=\"async\" width=\"576\" height=\"1024\" src=\"https:\/\/educandodeformasimple.com\/wp-content\/uploads\/2024\/09\/Copia-de-Copia-de-Copia-de-Copia-de-Copia-de-Copia-de-Copia-de-Copia-de-Diseno-sin-titulo-576x1024.png\" alt=\"\" class=\"wp-image-1649\" srcset=\"https:\/\/educandodeformasimple.com\/wp-content\/uploads\/2024\/09\/Copia-de-Copia-de-Copia-de-Copia-de-Copia-de-Copia-de-Copia-de-Copia-de-Diseno-sin-titulo-576x1024.png 576w, https:\/\/educandodeformasimple.com\/wp-content\/uploads\/2024\/09\/Copia-de-Copia-de-Copia-de-Copia-de-Copia-de-Copia-de-Copia-de-Copia-de-Diseno-sin-titulo-169x300.png 169w, https:\/\/educandodeformasimple.com\/wp-content\/uploads\/2024\/09\/Copia-de-Copia-de-Copia-de-Copia-de-Copia-de-Copia-de-Copia-de-Copia-de-Diseno-sin-titulo-768x1365.png 768w, https:\/\/educandodeformasimple.com\/wp-content\/uploads\/2024\/09\/Copia-de-Copia-de-Copia-de-Copia-de-Copia-de-Copia-de-Copia-de-Copia-de-Diseno-sin-titulo-864x1536.png 864w, https:\/\/educandodeformasimple.com\/wp-content\/uploads\/2024\/09\/Copia-de-Copia-de-Copia-de-Copia-de-Copia-de-Copia-de-Copia-de-Copia-de-Diseno-sin-titulo.png 1080w\" sizes=\"auto, (max-width: 576px) 100vw, 576px\" \/><\/a><\/figure>\n<\/div>","protected":false},"excerpt":{"rendered":"<p>Hola, querido\/a adulto\/a, Soy Joanna Coronado y mi misi\u00f3n es ayudarte a hacer que la crianza, educaci\u00f3n y ense\u00f1anza sean simples y profundamente respetuosas. Bienvenido\/a a mi hogar Educando de &hellip; <\/p>\n","protected":false},"author":1,"featured_media":0,"parent":0,"menu_order":0,"comment_status":"closed","ping_status":"closed","template":"","meta":{"_monsterinsights_skip_tracking":false,"_monsterinsights_sitenote_active":false,"_monsterinsights_sitenote_note":"","_monsterinsights_sitenote_category":0,"footnotes":""},"class_list":["post-1440","page","type-page","status-publish","hentry"],"aioseo_notices":[],"_links":{"self":[{"href":"https:\/\/educandodeformasimple.com\/index.php?rest_route=\/wp\/v2\/pages\/1440","targetHints":{"allow":["GET"]}}],"collection":[{"href":"https:\/\/educandodeformasimple.com\/index.php?rest_route=\/wp\/v2\/pages"}],"about":[{"href":"https:\/\/educandodeformasimple.com\/index.php?rest_route=\/wp\/v2\/types\/page"}],"author":[{"embeddable":true,"href":"https:\/\/educandodeformasimple.com\/index.php?rest_route=\/wp\/v2\/users\/1"}],"replies":[{"embeddable":true,"href":"https:\/\/educandodeformasimple.com\/index.php?rest_route=%2Fwp%2Fv2%2Fcomments&post=1440"}],"version-history":[{"count":25,"href":"https:\/\/educandodeformasimple.com\/index.php?rest_route=\/wp\/v2\/pages\/1440\/revisions"}],"predecessor-version":[{"id":2105,"href":"https:\/\/educandodeformasimple.com\/index.php?rest_route=\/wp\/v2\/pages\/1440\/revisions\/2105"}],"wp:attachment":[{"href":"https:\/\/educandodeformasimple.com\/index.php?rest_route=%2Fwp%2Fv2%2Fmedia&parent=1440"}],"curies":[{"name":"wp","href":"https:\/\/api.w.org\/{rel}","templated":true}]}}