{"id":135,"date":"2024-01-13T11:40:06","date_gmt":"2024-01-13T10:40:06","guid":{"rendered":"https:\/\/educandodeformasimple.com\/?page_id=135"},"modified":"2024-10-14T09:19:27","modified_gmt":"2024-10-14T07:19:27","slug":"educar-sin-gritos-2","status":"publish","type":"page","link":"https:\/\/educandodeformasimple.com\/?page_id=135","title":{"rendered":"Educar sin gritos"},"content":{"rendered":"\n<p>\u00a1Qu\u00e9 ilusi\u00f3n tenerte en esta FORMACION EXPR\u00c9S GRATUITA Online de tres d\u00edas! Ver\u00e1s que eliminar los gritos en la crianza, es un aut\u00e9ntico reto de satisfacci\u00f3n, incluso durante el proceso, el simple hecho de rebajar las situaciones, la sensaci\u00f3n es de \u00e9xito.<\/p>\n\n\n\n<p>Si est\u00e1s aqu\u00ed es por qu\u00e9 has tomado la decisi\u00f3n de dar un paso m\u00e1s profundo en la crianza respetuosa, as\u00ed que te agradezco esa decisi\u00f3n.<\/p>\n\n\n\n<p>Iniciamos este viaje de tres d\u00edas recorriendo nuestros espacios internos. Averiguamos que son los gritos y qu\u00e9 funci\u00f3n les podemos dar. Te invito a coger tu libreta verde donde anotar las reflexiones y aprovechar al m\u00e1ximo este regalo.<\/p>\n\n\n\n<p><strong>\u00bfC\u00f3mo se realiza esta Formaci\u00f3n Expr\u00e9s?<\/strong><\/p>\n\n\n\n<p class=\"has-text-align-center has-white-color has-vivid-green-cyan-background-color has-text-color has-background has-link-color has-large-font-size wp-elements-788c9fc04e9abe92008bbbf91f59570e\">En breve pr\u00f3xima convocatoria<\/p>\n\n\n\n<p>El reto ser\u00e1 de f\u00e1cil acceso a trav\u00e9s del grupo de WSP. Cada d\u00eda vas a recibir un contenido en v\u00eddeo (10 minutos) que podr\u00e1s ver a tu ritmo y cuando te sea posible. Podr\u00e1s utilizar el chat para exponer dudas y preguntas que te surjan.<\/p>\n\n\n\n<p>\u00a1As\u00ed de sencillo podr\u00e1s dar un paso m\u00e1s hacia la educaci\u00f3n creativa respetuosa!<\/p>\n\n\n\n<p class=\"has-black-color has-luminous-vivid-orange-background-color has-text-color has-background has-link-color wp-elements-55a8c242b0efd6b8341be0cc7fb79a89\">Haz click en la imagen para acceder al grupo wsp donde re realizar\u00e1 la Formaci\u00f3n<\/p>\n\n\n<div class=\"wp-block-image\">\n<figure class=\"aligncenter size-large\"><a href=\"https:\/\/chat.whatsapp.com\/HZGpCiNA9vZJ8FOxuZXOX6\"><img loading=\"lazy\" decoding=\"async\" width=\"1024\" height=\"576\" src=\"https:\/\/educandodeformasimple.com\/wp-content\/uploads\/2024\/01\/Copia-de-Copia-de-Miniatura-Youtube-Ejercicio-llamativa-amarillo-Negro-1024x576.png\" alt=\"\" class=\"wp-image-146\" srcset=\"https:\/\/educandodeformasimple.com\/wp-content\/uploads\/2024\/01\/Copia-de-Copia-de-Miniatura-Youtube-Ejercicio-llamativa-amarillo-Negro-1024x576.png 1024w, https:\/\/educandodeformasimple.com\/wp-content\/uploads\/2024\/01\/Copia-de-Copia-de-Miniatura-Youtube-Ejercicio-llamativa-amarillo-Negro-300x169.png 300w, https:\/\/educandodeformasimple.com\/wp-content\/uploads\/2024\/01\/Copia-de-Copia-de-Miniatura-Youtube-Ejercicio-llamativa-amarillo-Negro-768x432.png 768w, https:\/\/educandodeformasimple.com\/wp-content\/uploads\/2024\/01\/Copia-de-Copia-de-Miniatura-Youtube-Ejercicio-llamativa-amarillo-Negro-107x60.png 107w, https:\/\/educandodeformasimple.com\/wp-content\/uploads\/2024\/01\/Copia-de-Copia-de-Miniatura-Youtube-Ejercicio-llamativa-amarillo-Negro.png 1280w\" sizes=\"auto, (max-width: 1024px) 100vw, 1024px\" \/><\/a><\/figure>\n<\/div>","protected":false},"excerpt":{"rendered":"<p>\u00a1Qu\u00e9 ilusi\u00f3n tenerte en esta FORMACION EXPR\u00c9S GRATUITA Online de tres d\u00edas! Ver\u00e1s que eliminar los gritos en la crianza, es un aut\u00e9ntico reto de satisfacci\u00f3n, incluso durante el proceso, &hellip; <\/p>\n","protected":false},"author":1,"featured_media":146,"parent":0,"menu_order":0,"comment_status":"closed","ping_status":"closed","template":"","meta":{"_monsterinsights_skip_tracking":false,"_monsterinsights_sitenote_active":false,"_monsterinsights_sitenote_note":"","_monsterinsights_sitenote_category":0,"footnotes":""},"class_list":["post-135","page","type-page","status-publish","has-post-thumbnail","hentry"],"aioseo_notices":[],"_links":{"self":[{"href":"https:\/\/educandodeformasimple.com\/index.php?rest_route=\/wp\/v2\/pages\/135","targetHints":{"allow":["GET"]}}],"collection":[{"href":"https:\/\/educandodeformasimple.com\/index.php?rest_route=\/wp\/v2\/pages"}],"about":[{"href":"https:\/\/educandodeformasimple.com\/index.php?rest_route=\/wp\/v2\/types\/page"}],"author":[{"embeddable":true,"href":"https:\/\/educandodeformasimple.com\/index.php?rest_route=\/wp\/v2\/users\/1"}],"replies":[{"embeddable":true,"href":"https:\/\/educandodeformasimple.com\/index.php?rest_route=%2Fwp%2Fv2%2Fcomments&post=135"}],"version-history":[{"count":22,"href":"https:\/\/educandodeformasimple.com\/index.php?rest_route=\/wp\/v2\/pages\/135\/revisions"}],"predecessor-version":[{"id":1658,"href":"https:\/\/educandodeformasimple.com\/index.php?rest_route=\/wp\/v2\/pages\/135\/revisions\/1658"}],"wp:featuredmedia":[{"embeddable":true,"href":"https:\/\/educandodeformasimple.com\/index.php?rest_route=\/wp\/v2\/media\/146"}],"wp:attachment":[{"href":"https:\/\/educandodeformasimple.com\/index.php?rest_route=%2Fwp%2Fv2%2Fmedia&parent=135"}],"curies":[{"name":"wp","href":"https:\/\/api.w.org\/{rel}","templated":true}]}}