{"id":1330,"date":"2024-07-20T14:36:34","date_gmt":"2024-07-20T12:36:34","guid":{"rendered":"https:\/\/educandodeformasimple.com\/?page_id=1330"},"modified":"2025-04-02T21:26:49","modified_gmt":"2025-04-02T19:26:49","slug":"educar-con-respeto","status":"publish","type":"page","link":"https:\/\/educandodeformasimple.com\/?page_id=1330","title":{"rendered":"Educar con Respeto : Los 4TE para RESOLVER CONFLICTOS y establecer L\u00cdMITES sin LIMITACIONES"},"content":{"rendered":"\n<h2 class=\"wp-block-heading has-black-color has-vivid-green-cyan-background-color has-text-color has-background has-link-color wp-elements-0ac384a7a6b9df6d7607c04bfd3ff61c\">Los 4TE para RESOLVER CONFLICTOS y establecer L\u00cdMITES sin LIMITACIONES<\/h2>\n\n\n\n<p class=\"has-vivid-green-cyan-color has-text-color has-link-color wp-elements-ecf2d656bcdb78d0017ed5929a758a8d\"><strong>Programa exclusivo para madres, padres y profesionales con hijos y\/o alumnos de 0 a 21 a\u00f1os que deseen tener un v\u00ednculo extraordinario<\/strong> <strong>y tener garant\u00eda a la hora de resolver conflictos de forma altamente respetuosa.<\/strong><\/p>\n\n\n\n<pre class=\"wp-block-verse\">Bienvenid@ a Educando de Forma Simple y en especial a esta p\u00e1gina donde voy a transmitirte mi programa estrella: \" Educar con Respeto: Los 4TE para RESOLVER CONFLICTOS y establecer L\u00edmites sin Limitaciones.<br>Decirte que este programa lo cre\u00e9 hace 12 a\u00f1os y que he ido ampliando a\u00f1o tras a\u00f1o, gracias a todas y cada una de las familias que han participado. Toda la experiencia que me han aportando las familias y ante todo mis amadas hijas, de 20 y 12 a\u00f1os, y cada uno de los ni\u00f1@s, adolescente y fam\u00edlias que he tenido el placer de trabajar con ell@s.<br><\/pre>\n\n\n\n<h3 class=\"wp-block-heading has-black-color has-vivid-green-cyan-background-color has-text-color has-background has-link-color wp-elements-58668e7be5ae8400c0f0a7b61788014e\">\u00bfEn qu\u00e9 consiste este programa?<\/h3>\n\n\n\n<p>Este programa est\u00e1 creado para <strong>desarrollar un v\u00ednculo extraordinario con tu hij@ o alumn@s<\/strong>, para disfrutar de una calidad de relaci\u00f3n saludable y una vida plenamente llena de satisfacciones. Tener un v\u00ednculo extraordinario es esencial para poder resolver conflictos de forma respetuosa y que el proceso sea simple, agradable y divertido. Una de las cosas que m\u00e1s destacan las familias que han pasado por el programa es la capacidad de hacer sencillo lo que antes era complicado y largo. La familias aprenden a gestionar los conflictos de forma que se vuelven m\u00e1s r\u00e1pidos, simples y amorosos.<\/p>\n\n\n\n<p>Ver\u00e1s que te desvelar\u00e9 los 4TE y la relaci\u00f3n con tus hij@s mejorar\u00e1 autom\u00e1ticamente. Todo el programa gira alrededor de esta metodolog\u00eda propia de los 4TE y de los amados L\u00edmites sin Limitaciones.<\/p>\n\n\n\n<h3 class=\"wp-block-heading has-black-color has-vivid-green-cyan-background-color has-text-color has-background has-link-color wp-elements-d6f0b363973ae927dd4b8c1fb9c7f54a\">\u00bfQu\u00e9 aprender\u00e1s?<\/h3>\n\n\n\n<p>El programa cubre los temas esenciales para instalar la <strong>Educaci\u00f3n Respetuosa Creativa <\/strong>para resolver los conflictos diarios y saber establecer l\u00edmites acertados. <\/p>\n\n\n\n<ul class=\"wp-block-list\">\n<li>Resolver conflictos sin gritos, ni castigos<\/li>\n\n\n\n<li>Rebajar los niveles de estr\u00e9s y ansiedad.<\/li>\n\n\n\n<li>Poner l\u00edmites acertados, es decir, L\u00edmites sin Limitaciones.<\/li>\n\n\n\n<li>El v\u00ednculo extraordinario, y su fundamental importancia<\/li>\n\n\n\n<li>El funcionamiento del cerebro con todos los fundamentos e investigaciones de la neuroeducaci\u00f3n y su impacto en el comportamiento de los ni\u00f1@s y adolescentes<\/li>\n\n\n\n<li>Estrategias para potenciar el autoestima y autonom\u00eda <\/li>\n\n\n\n<li>Reconocer y validar a tu hijo en todo su conjunto, fomentando una gesti\u00f3n emocional segura <\/li>\n\n\n\n<li>Crear un ambiente de comprensi\u00f3n verdadera<\/li>\n\n\n\n<li>Autocuidado familiar<\/li>\n\n\n\n<li>Desarrollar la capacidad de la escucha activa<\/li>\n\n\n\n<li>Conocer\u00e1s de qu\u00e9 forma acompa\u00f1ar los sentimientos, emociones y necesidades de tu hij@<\/li>\n\n\n\n<li>Profunda conexi\u00f3n. Ingrediente indispensable para lograr el \u00e9xito en la resoluci\u00f3n de conflictos.<\/li>\n\n\n\n<li>M\u00e9todo para desaprender creencias, automatismos, programas y patrones de or\u00edgenes no respetuosos.<\/li>\n\n\n\n<li>Simplificar la labor de educar<\/li>\n\n\n\n<li>Acompa\u00f1ar a tu hij@ en los momentos de frustraci\u00f3n y ansiedad.<\/li>\n\n\n\n<li>Y una gran abanico de aspectos imprescindibles para una relaci\u00f3n sana con tu hij@ y la salud<\/li>\n<\/ul>\n\n\n\n<h3 class=\"wp-block-heading has-black-color has-vivid-green-cyan-background-color has-text-color has-background has-link-color wp-elements-6dbf021dbaf0d542405b2c133acba905\">Modalidades del Programa<\/h3>\n\n\n\n<p>Me adapto a tus necesidades y preferencias, ofrezco varias modalidades de formaci\u00f3n:<\/p>\n\n\n\n<ol class=\"wp-block-list\">\n<li><strong>Modalidad online en grupo<\/strong>: Inf\u00f3rmate de cuando son las convocatorias. Esta opci\u00f3n te permitir\u00e1 aprender junto a otros padres, compartir experiencias y apoyarte mutuamente. La duraci\u00f3n del programa son 12 meses. Es en directo por v\u00eda zoom, dos sesiones al mes. Las sesiones quedan grabadas.<\/li>\n\n\n\n<li><strong>Modalidad personalizada online<\/strong>: Sesiones adaptadas a tus necesidades y horarios espec\u00edficos, con un enfoque individualizado. La duraci\u00f3n del programa es de 12 meses. Es en directo por v\u00eda zoom, dos sesiones al mes. <\/li>\n\n\n\n<li><strong>Modalidad personalizada h\u00edbrida<\/strong> (Pr\u00e1cticas presencial y teor\u00eda Online): Asistencia directa y personalizada en tu hogar para un aprendizaje m\u00e1s profundo y pr\u00e1ctico. Me ver\u00e1s actuar en directo con tus hij@s. La duraci\u00f3n del programa es de 12 meses, dos sesiones online al mes y 2 sesiones presenciales al mes.<\/li>\n<\/ol>\n\n\n\n<h4 class=\"wp-block-heading has-black-color has-vivid-green-cyan-background-color has-text-color has-background has-link-color wp-elements-5c3f3a136ed8c460e1a030c07e8de509\">Beneficios de unirse al programa<\/h4>\n\n\n\n<p>\u2705 Mejora la comunicaci\u00f3n y fortalece el v\u00ednculo con tus hijos. <\/p>\n\n\n\n<p>\u2705 Garant\u00eda de \u00e9xito a la hora de resolver los conflictos y poner los l\u00edmites acertados.<\/p>\n\n\n\n<p>\u2705 Gestiona las emociones y sistema nervioso de manera constructiva, fomentando un ambiente familiar armonioso.<\/p>\n\n\n\n<p>\u2705 Desarrolla una comprensi\u00f3n profunda de los comportamientos y necesidades de tus hijos.<\/p>\n\n\n\n<h4 class=\"wp-block-heading has-vivid-green-cyan-color has-black-background-color has-text-color has-background has-link-color wp-elements-039080cdaeca39343feadf837407976b\">\u00a1Sesi\u00f3n Informativa Individual por Zoom!<\/h4>\n\n\n\n<p>Te invito a una <strong>sesi\u00f3n informativa individual por Zoom<\/strong> donde podr\u00e1s conocer m\u00e1s detalles de la formaci\u00f3n y resolver todas tus dudas. Agenda tu cita enviando wsp, haz click en la foto:<\/p>\n\n\n\n<figure class=\"wp-block-image size-large\"><a href=\"https:\/\/chat.whatsapp.com\/BLszlAbWPBaGVVmkERHAeN\"><img loading=\"lazy\" decoding=\"async\" width=\"1024\" height=\"576\" src=\"https:\/\/educandodeformasimple.com\/wp-content\/uploads\/2024\/01\/Copia-de-Copia-de-Copia-de-Miniatura-Youtube-Ejercicio-llamativa-amarillo-Negro-1-1024x576.png\" alt=\"\" class=\"wp-image-196\" srcset=\"https:\/\/educandodeformasimple.com\/wp-content\/uploads\/2024\/01\/Copia-de-Copia-de-Copia-de-Miniatura-Youtube-Ejercicio-llamativa-amarillo-Negro-1-1024x576.png 1024w, https:\/\/educandodeformasimple.com\/wp-content\/uploads\/2024\/01\/Copia-de-Copia-de-Copia-de-Miniatura-Youtube-Ejercicio-llamativa-amarillo-Negro-1-300x169.png 300w, https:\/\/educandodeformasimple.com\/wp-content\/uploads\/2024\/01\/Copia-de-Copia-de-Copia-de-Miniatura-Youtube-Ejercicio-llamativa-amarillo-Negro-1-768x432.png 768w, https:\/\/educandodeformasimple.com\/wp-content\/uploads\/2024\/01\/Copia-de-Copia-de-Copia-de-Miniatura-Youtube-Ejercicio-llamativa-amarillo-Negro-1-107x60.png 107w, https:\/\/educandodeformasimple.com\/wp-content\/uploads\/2024\/01\/Copia-de-Copia-de-Copia-de-Miniatura-Youtube-Ejercicio-llamativa-amarillo-Negro-1.png 1280w\" sizes=\"auto, (max-width: 1024px) 100vw, 1024px\" \/><\/a><\/figure>\n","protected":false},"excerpt":{"rendered":"<p>Los 4TE para RESOLVER CONFLICTOS y establecer L\u00cdMITES sin LIMITACIONES Programa exclusivo para madres, padres y profesionales con hijos y\/o alumnos de 0 a 21 a\u00f1os que deseen tener un &hellip; <\/p>\n","protected":false},"author":1,"featured_media":0,"parent":0,"menu_order":0,"comment_status":"closed","ping_status":"closed","template":"","meta":{"_monsterinsights_skip_tracking":false,"_monsterinsights_sitenote_active":false,"_monsterinsights_sitenote_note":"","_monsterinsights_sitenote_category":0,"footnotes":""},"class_list":["post-1330","page","type-page","status-publish","hentry"],"aioseo_notices":[],"_links":{"self":[{"href":"https:\/\/educandodeformasimple.com\/index.php?rest_route=\/wp\/v2\/pages\/1330","targetHints":{"allow":["GET"]}}],"collection":[{"href":"https:\/\/educandodeformasimple.com\/index.php?rest_route=\/wp\/v2\/pages"}],"about":[{"href":"https:\/\/educandodeformasimple.com\/index.php?rest_route=\/wp\/v2\/types\/page"}],"author":[{"embeddable":true,"href":"https:\/\/educandodeformasimple.com\/index.php?rest_route=\/wp\/v2\/users\/1"}],"replies":[{"embeddable":true,"href":"https:\/\/educandodeformasimple.com\/index.php?rest_route=%2Fwp%2Fv2%2Fcomments&post=1330"}],"version-history":[{"count":52,"href":"https:\/\/educandodeformasimple.com\/index.php?rest_route=\/wp\/v2\/pages\/1330\/revisions"}],"predecessor-version":[{"id":2153,"href":"https:\/\/educandodeformasimple.com\/index.php?rest_route=\/wp\/v2\/pages\/1330\/revisions\/2153"}],"wp:attachment":[{"href":"https:\/\/educandodeformasimple.com\/index.php?rest_route=%2Fwp%2Fv2%2Fmedia&parent=1330"}],"curies":[{"name":"wp","href":"https:\/\/api.w.org\/{rel}","templated":true}]}}